{"id":994,"date":"2025-09-18T08:07:30","date_gmt":"2025-09-18T08:07:30","guid":{"rendered":"https:\/\/kklongevity.com\/?page_id=994"},"modified":"2025-09-18T08:44:46","modified_gmt":"2025-09-18T08:44:46","slug":"datenschutz","status":"publish","type":"page","link":"https:\/\/kklongevity.com\/index.php\/datenschutz\/","title":{"rendered":"Datenschutz"},"content":{"rendered":"\t\t<div data-elementor-type=\"wp-page\" data-elementor-id=\"994\" class=\"elementor elementor-994\" data-elementor-post-type=\"page\">\n\t\t\t\t<div class=\"elementor-element elementor-element-537a505c e-flex e-con-boxed e-con e-parent\" data-id=\"537a505c\" data-element_type=\"container\">\n\t\t\t\t\t<div class=\"e-con-inner\">\n\t\t\t\t<div class=\"elementor-element elementor-element-201e5a2 elementor-widget elementor-widget-heading\" data-id=\"201e5a2\" data-element_type=\"widget\" data-widget_type=\"heading.default\">\n\t\t\t\t\t<h1 class=\"elementor-heading-title elementor-size-default\">Datenschutz\n<\/h1>\t\t\t\t<\/div>\n\t\t\t\t<div class=\"elementor-element elementor-element-0acaa8e elementor-widget elementor-widget-heading\" data-id=\"0acaa8e\" data-element_type=\"widget\" data-widget_type=\"heading.default\">\n\t\t\t\t\t<h2 class=\"elementor-heading-title elementor-size-default\">VERANTWORTLICH F\u00dcR DIE VERARBEITUNG IHRER DATEN<\/h2>\t\t\t\t<\/div>\n\t\t\t\t<div class=\"elementor-element elementor-element-5a11055 elementor-widget elementor-widget-text-editor\" data-id=\"5a11055\" data-element_type=\"widget\" data-widget_type=\"text-editor.default\">\n\t\t\t\t\t\t\t\t\t<p>KK Longevity <br \/>Kerstin Klein <br \/>Weinbergstrasse 4 <br \/><span class=\"s1\">CH \u2013 8703 Erlenbach ZH<br \/><\/span>+41 79 335 22 31 <br \/><a href=\"ma&#105;&#108;&#x74;&#x6f;&#x3a;&#x69;nf&#111;&#64;&#x6b;&#x6b;&#x6c;&#x6f;ng&#101;&#118;&#105;&#x74;&#x79;&#x2e;&#x63;om\">&#105;&#110;&#x66;&#x6f;&#64;&#107;&#x6b;&#x6c;&#111;&#110;&#x67;&#x65;&#118;&#105;&#x74;&#x79;&#46;&#99;&#x6f;&#x6d;<\/a><br \/><a href=\"https:\/\/kklongevity.com\/\">kklongevity.com<\/a><\/p><p>Datenschutzanfragen k\u00f6nnen Sie gerne direkt an <a href=\"&#x6d;a&#x69;&#108;&#x74;&#111;:&#x69;n&#x66;&#111;&#x40;&#107;k&#x6c;&#111;&#x6e;&#103;e&#x76;i&#x74;&#121;&#x2e;&#99;o&#x6d;\">&#x69;&#x6e;&#x66;&#x6f;&#x40;&#x6b;&#x6b;&#108;&#111;&#110;&#103;&#101;vity&#x2e;&#x63;&#x6f;&#x6d;<\/a> richten.<\/p>\t\t\t\t\t\t\t\t<\/div>\n\t\t\t\t<div class=\"elementor-element elementor-element-0919d72 elementor-widget elementor-widget-heading\" data-id=\"0919d72\" data-element_type=\"widget\" data-widget_type=\"heading.default\">\n\t\t\t\t\t<h2 class=\"elementor-heading-title elementor-size-default\">ALLGEMEINE HINWEISE<\/h2>\t\t\t\t<\/div>\n\t\t\t\t<div class=\"elementor-element elementor-element-114a179 elementor-widget elementor-widget-text-editor\" data-id=\"114a179\" data-element_type=\"widget\" data-widget_type=\"text-editor.default\">\n\t\t\t\t\t\t\t\t\t<p>Der Schutz Ihrer pers\u00f6nlichen Daten ist uns ein wichtiges Anliegen. Wir verarbeiten Ihre Daten in \u00dcbereinstimmung mit den gesetzlichen Datenschutzvorschriften der Schweiz (revDSG) und der EU-Datenschutzgrundverordnung (DSGVO), soweit wir Dienstleistungen an Personen im EU-Raum erbringen.<\/p>\t\t\t\t\t\t\t\t<\/div>\n\t\t\t\t<div class=\"elementor-element elementor-element-54ed37e elementor-widget elementor-widget-heading\" data-id=\"54ed37e\" data-element_type=\"widget\" data-widget_type=\"heading.default\">\n\t\t\t\t\t<h2 class=\"elementor-heading-title elementor-size-default\">ERHEBUNG UND VERARBEITUNG PERSONENBEZOGENER DATEN<\/h2>\t\t\t\t<\/div>\n\t\t\t\t<div class=\"elementor-element elementor-element-8e34862 elementor-widget elementor-widget-text-editor\" data-id=\"8e34862\" data-element_type=\"widget\" data-widget_type=\"text-editor.default\">\n\t\t\t\t\t\t\t\t\t<p class=\"p1\">Wir verarbeiten personenbezogene Daten nur dann, wenn dies zur Nutzung unserer Website, zur Erbringung unserer Dienstleistungen oder zur Kommunikation erforderlich ist oder wenn Sie uns diese freiwillig zur Verf\u00fcgung stellen (z.\u202fB. per Formular oder E-Mail). Zu den verarbeiteten Daten geh\u00f6ren insbesondere:<\/p><ul><li class=\"p1\">Vor- und Nachname<\/li><li class=\"p1\">E-Mail-Adresse<\/li><li class=\"p1\">Telefonnummer<\/li><li>IP-Adresse (Cookies\/Webanalyse)<\/li><li class=\"p1\">Inhalte von Anfragen oder Formularen<\/li><li>Newsetter-Interkationen<\/li><\/ul>\t\t\t\t\t\t\t\t<\/div>\n\t\t\t\t<div class=\"elementor-element elementor-element-98efda9 elementor-widget elementor-widget-heading\" data-id=\"98efda9\" data-element_type=\"widget\" data-widget_type=\"heading.default\">\n\t\t\t\t\t<h2 class=\"elementor-heading-title elementor-size-default\">RECHTSGRUNDLAGEN DER VERARBEITUNG<\/h2>\t\t\t\t<\/div>\n\t\t\t\t<div class=\"elementor-element elementor-element-e4d4e6b elementor-widget elementor-widget-text-editor\" data-id=\"e4d4e6b\" data-element_type=\"widget\" data-widget_type=\"text-editor.default\">\n\t\t\t\t\t\t\t\t\t<p class=\"p1\">Die Datenverarbeitung erfolgt auf Basis von:\u00a0<\/p><p>\u00a0<\/p><ul><li class=\"p1\">Art. 6 Abs. 1 lit. a DSGVO (Einwilligung)<\/li><li class=\"p1\">Art. 6 Abs. 1 lit. b DSGVO (Vertragserf\u00fcllung)<\/li><li class=\"p1\">Art. 6 Abs. 1 lit. f DSGVO (berechtigtes Interesse)<\/li><li class=\"p1\">Art. 31 revDSG (Schweiz: Prinzipien der Verh\u00e4ltnism\u00e4\u00dfigkeit &amp; Zweckbindung)<\/li><\/ul>\t\t\t\t\t\t\t\t<\/div>\n\t\t\t\t<div class=\"elementor-element elementor-element-3b1f10e elementor-widget elementor-widget-heading\" data-id=\"3b1f10e\" data-element_type=\"widget\" data-widget_type=\"heading.default\">\n\t\t\t\t\t<h2 class=\"elementor-heading-title elementor-size-default\">KONTAKTAUFNAHME VIA FORMULAR ODER E-MAIL<\/h2>\t\t\t\t<\/div>\n\t\t\t\t<div class=\"elementor-element elementor-element-d8c61b7 elementor-widget elementor-widget-text-editor\" data-id=\"d8c61b7\" data-element_type=\"widget\" data-widget_type=\"text-editor.default\">\n\t\t\t\t\t\t\t\t\t<p class=\"p1\">Wenn Sie per Formular auf der Website oder per E-Mail Kontakt mit uns aufnehmen, werden die von Ihnen angegebenen Daten zur Bearbeitung Ihrer Anfrage sowie f\u00fcr m\u00f6gliche Anschlussfragen bei uns gespeichert. Die Daten werden ohne Ihre Einwilligung nicht weitergegeben.<\/p><p>\u00a0<\/p><p class=\"p1\">Speicherdauer: 6 Monate oder solange gesetzliche Aufbewahrungsfristen bestehen.<\/p>\t\t\t\t\t\t\t\t<\/div>\n\t\t\t\t<div class=\"elementor-element elementor-element-b1b286f elementor-widget elementor-widget-heading\" data-id=\"b1b286f\" data-element_type=\"widget\" data-widget_type=\"heading.default\">\n\t\t\t\t\t<h2 class=\"elementor-heading-title elementor-size-default\">WEITERGABE AN DRITTE \/ AUFTRAGSVERARBEITUNG<\/h2>\t\t\t\t<\/div>\n\t\t\t\t<div class=\"elementor-element elementor-element-f2cf78d elementor-widget elementor-widget-text-editor\" data-id=\"f2cf78d\" data-element_type=\"widget\" data-widget_type=\"text-editor.default\">\n\t\t\t\t\t\t\t\t\t<p class=\"p1\">Ihre Daten werden nicht an Dritte weitergegeben, au\u00dfer:<\/p><ul><li class=\"p1\">zur Vertragserf\u00fcllung (z.\u202fB. Zahlungsanbieter, Versanddienste)<\/li><li class=\"p1\">bei gesetzlicher Pflicht<\/li><li class=\"p1\">im Rahmen von Auftragsverarbeitungsvertr\u00e4gen (z.\u202fB. Hosting, Newsletter-Tools)<\/li><\/ul><p class=\"p1\">Mit allen Dienstleistern bestehen datenschutzrechtliche Vertr\u00e4ge gem\u00e4\u00df Art. 9 revDSG \/ Art. 28 DSGVO.<\/p>\t\t\t\t\t\t\t\t<\/div>\n\t\t\t\t<div class=\"elementor-element elementor-element-a709ec5 elementor-widget elementor-widget-heading\" data-id=\"a709ec5\" data-element_type=\"widget\" data-widget_type=\"heading.default\">\n\t\t\t\t\t<h2 class=\"elementor-heading-title elementor-size-default\">GOOGLE FONTS<\/h2>\t\t\t\t<\/div>\n\t\t\t\t<div class=\"elementor-element elementor-element-7b82eeb elementor-widget elementor-widget-text-editor\" data-id=\"7b82eeb\" data-element_type=\"widget\" data-widget_type=\"text-editor.default\">\n\t\t\t\t\t\t\t\t\t<p class=\"p1\">Diese Website verwendet Google Fonts der Firma Google Inc. (1600 Amphitheatre Parkway Mountain View, CA 94043, USA). Die Verwendung von Google Fonts erfolgt ohne Authentisierung und es werden keine Cookies an die Google Fonts API gesendet. Sollten Sie ein Konto bei Google haben, werden keine Ihrer Google-Kontodaten an Google w\u00e4hrend der Nutzung von Google Fonts \u00fcbermittelt. Google erfasst lediglich die Nutzung von CSS und der verwendeten Fonts und speichert diese Daten sicher.<\/p>\t\t\t\t\t\t\t\t<\/div>\n\t\t\t\t<div class=\"elementor-element elementor-element-05a5626 elementor-widget elementor-widget-heading\" data-id=\"05a5626\" data-element_type=\"widget\" data-widget_type=\"heading.default\">\n\t\t\t\t\t<h2 class=\"elementor-heading-title elementor-size-default\">DATENSICHERHEIT<\/h2>\t\t\t\t<\/div>\n\t\t\t\t<div class=\"elementor-element elementor-element-17c0987 elementor-widget elementor-widget-text-editor\" data-id=\"17c0987\" data-element_type=\"widget\" data-widget_type=\"text-editor.default\">\n\t\t\t\t\t\t\t\t\t<p class=\"p1\">Unsere Website verwendet HTTPS-Verschl\u00fcsselung (SSL\/TLS). Ihre Daten werden technisch und organisatorisch vor unbefugtem Zugriff gesch\u00fctzt.<\/p>\t\t\t\t\t\t\t\t<\/div>\n\t\t\t\t<div class=\"elementor-element elementor-element-b2bb25c elementor-widget elementor-widget-heading\" data-id=\"b2bb25c\" data-element_type=\"widget\" data-widget_type=\"heading.default\">\n\t\t\t\t\t<h2 class=\"elementor-heading-title elementor-size-default\">IHRE RECHTE<\/h2>\t\t\t\t<\/div>\n\t\t\t\t<div class=\"elementor-element elementor-element-b944036 elementor-widget elementor-widget-text-editor\" data-id=\"b944036\" data-element_type=\"widget\" data-widget_type=\"text-editor.default\">\n\t\t\t\t\t\t\t\t\t<p class=\"p1\">Sie haben jederzeit das Recht auf:<\/p><ul><li class=\"p1\">Auskunft \u00fcber Ihre gespeicherten Daten<\/li><li class=\"p1\">Berichtigung oder L\u00f6schung<\/li><li class=\"p1\">Einschr\u00e4nkung der Verarbeitung<\/li><li class=\"p1\">Widerspruch gegen die Verarbeitung<\/li><li class=\"p1\">Daten\u00fcbertragbarkeit (nur EU)<\/li><\/ul><p class=\"p1\">Zur Aus\u00fcbung dieser Rechte schreiben Sie uns bitte an: <a href=\"&#109;&#97;&#x69;l&#116;&#x6f;&#x3a;i&#110;&#x66;&#x6f;&#64;&#107;&#x6b;l&#111;&#x6e;&#x67;e&#118;&#x69;&#x74;y&#46;&#x63;o&#109;\"><span class=\"s1\">&#x69;&#x6e;&#x66;&#x6f;&#x40;&#x6b;&#x6b;&#x6c;&#x6f;&#x6e;&#x67;&#x65;&#x76;&#x69;&#x74;&#x79;&#x2e;&#x63;&#x6f;&#x6d;<\/span><\/a><\/p>\t\t\t\t\t\t\t\t<\/div>\n\t\t\t\t<div class=\"elementor-element elementor-element-b57f12e elementor-widget elementor-widget-heading\" data-id=\"b57f12e\" data-element_type=\"widget\" data-widget_type=\"heading.default\">\n\t\t\t\t\t<h2 class=\"elementor-heading-title elementor-size-default\">AUFSICHTSBEH\u00d6RDEN<\/h2>\t\t\t\t<\/div>\n\t\t\t\t<div class=\"elementor-element elementor-element-c395542 elementor-widget elementor-widget-text-editor\" data-id=\"c395542\" data-element_type=\"widget\" data-widget_type=\"text-editor.default\">\n\t\t\t\t\t\t\t\t\t<p class=\"p1\">F\u00fcr die Schweiz:<br \/>Eidgen\u00f6ssischer Datenschutz- und \u00d6ffentlichkeitsbeauftragter (ED\u00d6B)<br \/>Feldeggweg 1, 3003 Bern<br \/><a href=\"https:\/\/www.edoeb.admin.ch\/\"><span class=\"s1\">www.edoeb.admin.ch<\/span><\/a><\/p><p class=\"p1\">F\u00fcr die EU:<br \/>Sie k\u00f6nnen sich an die Datenschutzbeh\u00f6rde Ihres EU-Wohnsitzlandes wenden.<\/p>\t\t\t\t\t\t\t\t<\/div>\n\t\t\t\t<div class=\"elementor-element elementor-element-933f742 elementor-widget elementor-widget-heading\" data-id=\"933f742\" data-element_type=\"widget\" data-widget_type=\"heading.default\">\n\t\t\t\t\t<h2 class=\"elementor-heading-title elementor-size-default\">\u00c4NDERUNGEN<\/h2>\t\t\t\t<\/div>\n\t\t\t\t<div class=\"elementor-element elementor-element-5280200 elementor-widget elementor-widget-text-editor\" data-id=\"5280200\" data-element_type=\"widget\" data-widget_type=\"text-editor.default\">\n\t\t\t\t\t\t\t\t\t<p class=\"p1\">Wir behalten uns vor, diese Datenschutzerkl\u00e4rung bei Bedarf anzupassen. Die aktuelle Version ist stets unter <a href=\"https:\/\/kklongevity.com\/datenschutz\"><span class=\"s1\">www.kklongevity.com\/datenschutz<\/span><\/a> abrufbar.<\/p><p class=\"p1\">Stand: Juli 2025<\/p>\t\t\t\t\t\t\t\t<\/div>\n\t\t\t\t\t<\/div>\n\t\t\t\t<\/div>\n\t\t\t\t<\/div>\n\t\t","protected":false},"excerpt":{"rendered":"<p>Datenschutz VERANTWORTLICH F\u00dcR DIE VERARBEITUNG IHRER DATEN KK Longevity Kerstin Klein Weinbergstrasse 4 CH \u2013 8703 Erlenbach ZH+41 79 335 22 31 &#x69;n&#x66;&#111;&#64;&#x6b;&#107;&#x6c;&#x6f;n&#x67;&#101;v&#x69;&#116;&#x79;&#46;c&#x6f;&#109;kklongevity.com Datenschutzanfragen k\u00f6nnen Sie gerne direkt an &#105;&#110;&#x66;o&#64;&#x6b;&#x6b;l&#111;&#x6e;&#x67;e&#118;&#x69;&#x74;y&#46;&#x63;&#x6f;m richten. ALLGEMEINE HINWEISE Der Schutz Ihrer pers\u00f6nlichen Daten ist uns ein wichtiges Anliegen. Wir verarbeiten Ihre Daten in \u00dcbereinstimmung mit den gesetzlichen Datenschutzvorschriften der Schweiz [&hellip;]<\/p>\n","protected":false},"author":1,"featured_media":0,"parent":0,"menu_order":0,"comment_status":"closed","ping_status":"closed","template":"","meta":{"footnotes":""},"class_list":["post-994","page","type-page","status-publish","hentry"],"yoast_head":"<!-- This site is optimized with the Yoast SEO plugin v26.2 - https:\/\/yoast.com\/wordpress\/plugins\/seo\/ -->\n<title>Datenschutz - Coaching \u2013 KKLongevity<\/title>\n<meta name=\"description\" content=\"KKLongevity bietet ganzheitliches Gesundheitscoaching mit Fokus auf Pr\u00e4vention, Energie, mentaler Klarheit und einem nachhaltigen Lebensstil. Starte jetzt dein Programm und entfalte deine Gesundheit.\" \/>\n<meta name=\"robots\" content=\"noindex, nofollow\" \/>\n<meta property=\"og:locale\" content=\"de_DE\" \/>\n<meta property=\"og:type\" content=\"article\" \/>\n<meta property=\"og:title\" content=\"Datenschutz - Coaching \u2013 KKLongevity\" \/>\n<meta property=\"og:description\" content=\"KKLongevity bietet ganzheitliches Gesundheitscoaching mit Fokus auf Pr\u00e4vention, Energie, mentaler Klarheit und einem nachhaltigen Lebensstil. Starte jetzt dein Programm und entfalte deine Gesundheit.\" \/>\n<meta property=\"og:url\" content=\"https:\/\/kklongevity.com\/index.php\/datenschutz\/\" \/>\n<meta property=\"og:site_name\" content=\"Coaching \u2013 KKLongevity\" \/>\n<meta property=\"article:modified_time\" content=\"2025-09-18T08:44:46+00:00\" \/>\n<meta property=\"og:image\" content=\"https:\/\/kklongevity.com\/wp-content\/uploads\/2025\/10\/KKLongevity_Webseite.jpg\" \/>\n\t<meta property=\"og:image:width\" content=\"1200\" \/>\n\t<meta property=\"og:image:height\" content=\"675\" \/>\n\t<meta property=\"og:image:type\" content=\"image\/jpeg\" \/>\n<meta name=\"twitter:card\" content=\"summary_large_image\" \/>\n<meta name=\"twitter:label1\" content=\"Gesch\u00e4tzte Lesezeit\" \/>\n\t<meta name=\"twitter:data1\" content=\"3\u00a0Minuten\" \/>\n<script type=\"application\/ld+json\" class=\"yoast-schema-graph\">{\"@context\":\"https:\/\/schema.org\",\"@graph\":[{\"@type\":\"WebPage\",\"@id\":\"https:\/\/kklongevity.com\/index.php\/datenschutz\/\",\"url\":\"https:\/\/kklongevity.com\/index.php\/datenschutz\/\",\"name\":\"Datenschutz - Coaching \u2013 KKLongevity\",\"isPartOf\":{\"@id\":\"https:\/\/kklongevity.com\/#website\"},\"datePublished\":\"2025-09-18T08:07:30+00:00\",\"dateModified\":\"2025-09-18T08:44:46+00:00\",\"description\":\"KKLongevity bietet ganzheitliches Gesundheitscoaching mit Fokus auf Pr\u00e4vention, Energie, mentaler Klarheit und einem nachhaltigen Lebensstil. Starte jetzt dein Programm und entfalte deine Gesundheit.\",\"breadcrumb\":{\"@id\":\"https:\/\/kklongevity.com\/index.php\/datenschutz\/#breadcrumb\"},\"inLanguage\":\"de\",\"potentialAction\":[{\"@type\":\"ReadAction\",\"target\":[\"https:\/\/kklongevity.com\/index.php\/datenschutz\/\"]}]},{\"@type\":\"BreadcrumbList\",\"@id\":\"https:\/\/kklongevity.com\/index.php\/datenschutz\/#breadcrumb\",\"itemListElement\":[{\"@type\":\"ListItem\",\"position\":1,\"name\":\"Startseite\",\"item\":\"https:\/\/kklongevity.com\/\"},{\"@type\":\"ListItem\",\"position\":2,\"name\":\"Datenschutz\"}]},{\"@type\":\"WebSite\",\"@id\":\"https:\/\/kklongevity.com\/#website\",\"url\":\"https:\/\/kklongevity.com\/\",\"name\":\"Coaching \u2013 KKLongevity\",\"description\":\"Kerstin Klein\",\"publisher\":{\"@id\":\"https:\/\/kklongevity.com\/#organization\"},\"alternateName\":\"KKLongevity\",\"potentialAction\":[{\"@type\":\"SearchAction\",\"target\":{\"@type\":\"EntryPoint\",\"urlTemplate\":\"https:\/\/kklongevity.com\/?s={search_term_string}\"},\"query-input\":{\"@type\":\"PropertyValueSpecification\",\"valueRequired\":true,\"valueName\":\"search_term_string\"}}],\"inLanguage\":\"de\"},{\"@type\":\"Organization\",\"@id\":\"https:\/\/kklongevity.com\/#organization\",\"name\":\"Coaching \u2013 KKLongevity\",\"url\":\"https:\/\/kklongevity.com\/\",\"logo\":{\"@type\":\"ImageObject\",\"inLanguage\":\"de\",\"@id\":\"https:\/\/kklongevity.com\/#\/schema\/logo\/image\/\",\"url\":\"https:\/\/kklongevity.com\/wp-content\/uploads\/2025\/09\/KKLongevity-logo-neu-FINAL-RGB.png\",\"contentUrl\":\"https:\/\/kklongevity.com\/wp-content\/uploads\/2025\/09\/KKLongevity-logo-neu-FINAL-RGB.png\",\"width\":685,\"height\":267,\"caption\":\"Coaching \u2013 KKLongevity\"},\"image\":{\"@id\":\"https:\/\/kklongevity.com\/#\/schema\/logo\/image\/\"}}]}<\/script>\n<!-- \/ Yoast SEO plugin. -->","yoast_head_json":{"title":"Datenschutz - Coaching \u2013 KKLongevity","description":"KKLongevity bietet ganzheitliches Gesundheitscoaching mit Fokus auf Pr\u00e4vention, Energie, mentaler Klarheit und einem nachhaltigen Lebensstil. Starte jetzt dein Programm und entfalte deine Gesundheit.","robots":{"index":"noindex","follow":"nofollow"},"og_locale":"de_DE","og_type":"article","og_title":"Datenschutz - Coaching \u2013 KKLongevity","og_description":"KKLongevity bietet ganzheitliches Gesundheitscoaching mit Fokus auf Pr\u00e4vention, Energie, mentaler Klarheit und einem nachhaltigen Lebensstil. Starte jetzt dein Programm und entfalte deine Gesundheit.","og_url":"https:\/\/kklongevity.com\/index.php\/datenschutz\/","og_site_name":"Coaching \u2013 KKLongevity","article_modified_time":"2025-09-18T08:44:46+00:00","og_image":[{"width":1200,"height":675,"url":"https:\/\/kklongevity.com\/wp-content\/uploads\/2025\/10\/KKLongevity_Webseite.jpg","type":"image\/jpeg"}],"twitter_card":"summary_large_image","twitter_misc":{"Gesch\u00e4tzte Lesezeit":"3\u00a0Minuten"},"schema":{"@context":"https:\/\/schema.org","@graph":[{"@type":"WebPage","@id":"https:\/\/kklongevity.com\/index.php\/datenschutz\/","url":"https:\/\/kklongevity.com\/index.php\/datenschutz\/","name":"Datenschutz - Coaching \u2013 KKLongevity","isPartOf":{"@id":"https:\/\/kklongevity.com\/#website"},"datePublished":"2025-09-18T08:07:30+00:00","dateModified":"2025-09-18T08:44:46+00:00","description":"KKLongevity bietet ganzheitliches Gesundheitscoaching mit Fokus auf Pr\u00e4vention, Energie, mentaler Klarheit und einem nachhaltigen Lebensstil. Starte jetzt dein Programm und entfalte deine Gesundheit.","breadcrumb":{"@id":"https:\/\/kklongevity.com\/index.php\/datenschutz\/#breadcrumb"},"inLanguage":"de","potentialAction":[{"@type":"ReadAction","target":["https:\/\/kklongevity.com\/index.php\/datenschutz\/"]}]},{"@type":"BreadcrumbList","@id":"https:\/\/kklongevity.com\/index.php\/datenschutz\/#breadcrumb","itemListElement":[{"@type":"ListItem","position":1,"name":"Startseite","item":"https:\/\/kklongevity.com\/"},{"@type":"ListItem","position":2,"name":"Datenschutz"}]},{"@type":"WebSite","@id":"https:\/\/kklongevity.com\/#website","url":"https:\/\/kklongevity.com\/","name":"Coaching \u2013 KKLongevity","description":"Kerstin Klein","publisher":{"@id":"https:\/\/kklongevity.com\/#organization"},"alternateName":"KKLongevity","potentialAction":[{"@type":"SearchAction","target":{"@type":"EntryPoint","urlTemplate":"https:\/\/kklongevity.com\/?s={search_term_string}"},"query-input":{"@type":"PropertyValueSpecification","valueRequired":true,"valueName":"search_term_string"}}],"inLanguage":"de"},{"@type":"Organization","@id":"https:\/\/kklongevity.com\/#organization","name":"Coaching \u2013 KKLongevity","url":"https:\/\/kklongevity.com\/","logo":{"@type":"ImageObject","inLanguage":"de","@id":"https:\/\/kklongevity.com\/#\/schema\/logo\/image\/","url":"https:\/\/kklongevity.com\/wp-content\/uploads\/2025\/09\/KKLongevity-logo-neu-FINAL-RGB.png","contentUrl":"https:\/\/kklongevity.com\/wp-content\/uploads\/2025\/09\/KKLongevity-logo-neu-FINAL-RGB.png","width":685,"height":267,"caption":"Coaching \u2013 KKLongevity"},"image":{"@id":"https:\/\/kklongevity.com\/#\/schema\/logo\/image\/"}}]}},"_links":{"self":[{"href":"https:\/\/kklongevity.com\/index.php\/wp-json\/wp\/v2\/pages\/994","targetHints":{"allow":["GET"]}}],"collection":[{"href":"https:\/\/kklongevity.com\/index.php\/wp-json\/wp\/v2\/pages"}],"about":[{"href":"https:\/\/kklongevity.com\/index.php\/wp-json\/wp\/v2\/types\/page"}],"author":[{"embeddable":true,"href":"https:\/\/kklongevity.com\/index.php\/wp-json\/wp\/v2\/users\/1"}],"replies":[{"embeddable":true,"href":"https:\/\/kklongevity.com\/index.php\/wp-json\/wp\/v2\/comments?post=994"}],"version-history":[{"count":43,"href":"https:\/\/kklongevity.com\/index.php\/wp-json\/wp\/v2\/pages\/994\/revisions"}],"predecessor-version":[{"id":1060,"href":"https:\/\/kklongevity.com\/index.php\/wp-json\/wp\/v2\/pages\/994\/revisions\/1060"}],"wp:attachment":[{"href":"https:\/\/kklongevity.com\/index.php\/wp-json\/wp\/v2\/media?parent=994"}],"curies":[{"name":"wp","href":"https:\/\/api.w.org\/{rel}","templated":true}]}}