{"id":3,"date":"2025-09-15T10:11:23","date_gmt":"2025-09-15T10:11:23","guid":{"rendered":"https:\/\/kklongevity.com\/?page_id=3"},"modified":"2025-09-24T06:03:34","modified_gmt":"2025-09-24T06:03:34","slug":"impressum","status":"publish","type":"page","link":"https:\/\/kklongevity.com\/index.php\/impressum\/","title":{"rendered":"Impressum"},"content":{"rendered":"\t\t<div data-elementor-type=\"wp-page\" data-elementor-id=\"3\" class=\"elementor elementor-3\" data-elementor-post-type=\"page\">\n\t\t\t\t<div class=\"elementor-element elementor-element-537a505c e-flex e-con-boxed e-con e-parent\" data-id=\"537a505c\" data-element_type=\"container\">\n\t\t\t\t\t<div class=\"e-con-inner\">\n\t\t\t\t<div class=\"elementor-element elementor-element-201e5a2 elementor-widget elementor-widget-heading\" data-id=\"201e5a2\" data-element_type=\"widget\" data-widget_type=\"heading.default\">\n\t\t\t\t\t<h1 class=\"elementor-heading-title elementor-size-default\">Impressum<\/h1>\t\t\t\t<\/div>\n\t\t\t\t<div class=\"elementor-element elementor-element-0acaa8e elementor-widget elementor-widget-heading\" data-id=\"0acaa8e\" data-element_type=\"widget\" data-widget_type=\"heading.default\">\n\t\t\t\t\t<h2 class=\"elementor-heading-title elementor-size-default\">VERANTWORTLICH F\u00dcR DEN INHALT<\/h2>\t\t\t\t<\/div>\n\t\t\t\t<div class=\"elementor-element elementor-element-5a11055 elementor-widget elementor-widget-text-editor\" data-id=\"5a11055\" data-element_type=\"widget\" data-widget_type=\"text-editor.default\">\n\t\t\t\t\t\t\t\t\t<p>KK Longevity <br \/>Kerstin Klein <br \/>Weinbergstrasse 4 <br \/>CH \u2013 8703 Erlenbach ZH<br \/><a href=\"&#109;&#x61;i&#108;&#x74;&#111;&#x3a;i&#110;&#x66;o&#x40;&#x6b;&#107;&#x6c;o&#110;&#x67;e&#x76;&#x69;&#116;&#x79;&#46;&#99;&#x6f;&#109;\">&#105;&#x6e;f&#x6f;&#x40;&#107;&#x6b;l&#111;&#x6e;&#103;&#x65;v&#105;&#x74;y&#x2e;c&#111;&#x6d;<\/a><\/p>\n<p><a href=\"https:\/\/kklongevity.com\/\">kklongevity.com<\/a><\/p>\t\t\t\t\t\t\t\t<\/div>\n\t\t\t\t<div class=\"elementor-element elementor-element-0919d72 elementor-widget elementor-widget-heading\" data-id=\"0919d72\" data-element_type=\"widget\" data-widget_type=\"heading.default\">\n\t\t\t\t\t<h2 class=\"elementor-heading-title elementor-size-default\">Gestaltung und Umsetzung Website<\/h2>\t\t\t\t<\/div>\n\t\t\t\t<div class=\"elementor-element elementor-element-114a179 elementor-widget elementor-widget-text-editor\" data-id=\"114a179\" data-element_type=\"widget\" data-widget_type=\"text-editor.default\">\n\t\t\t\t\t\t\t\t\t<p>Studio Wind, Nina Fischer und Julia Gridling<br \/><a href=\"https:\/\/studiowind.at\/\" target=\"_blank\" rel=\"noopener\">studiowind.at<\/a><\/p>\t\t\t\t\t\t\t\t<\/div>\n\t\t\t\t<div class=\"elementor-element elementor-element-54ed37e elementor-widget elementor-widget-heading\" data-id=\"54ed37e\" data-element_type=\"widget\" data-widget_type=\"heading.default\">\n\t\t\t\t\t<h2 class=\"elementor-heading-title elementor-size-default\">COPYRIGHT<\/h2>\t\t\t\t<\/div>\n\t\t\t\t<div class=\"elementor-element elementor-element-8e34862 elementor-widget elementor-widget-text-editor\" data-id=\"8e34862\" data-element_type=\"widget\" data-widget_type=\"text-editor.default\">\n\t\t\t\t\t\t\t\t\t<p>Die Inhalte (Texte und Bilder) dieser Website sind urheberrechtlich gesch\u00fctzt und nur f\u00fcr die pers\u00f6nliche Verwendung bestimmt. Jede den Bestimmungen des Urheberrechtsgesetzes widersprechende Verwendung der Inhalte dieser Website insbesondere die weitergehende Nutzung (Ver\u00f6ffentlichung, Vervielf\u00e4ltigung und jede Form von gewerblicher Nutzung sowie die Weitergabe an Dritte) ist ohne ausdr\u00fcckliche vorherige Zustimmung der Urheberinnen\/Verfasserinnen untersagt.<br data-text-align-xl=\"start\" \/><br data-text-align-xl=\"start\" \/><strong><span class=\"custom_ijraqc7gd font_hk8fvsrxf\" data-text-align-xl=\"start\">Bildrechte: <\/span><\/strong><\/p>\n<p><span class=\"custom_ijraqc7gd font_hk8fvsrxf\" data-text-align-xl=\"start\">Fotografie \u2013\u00a0<\/span><a href=\"https:\/\/rland.cc\/\" target=\"_blank\" rel=\"noopener\">Roland Reininger<\/a><\/p>\n<p>Stockbilder Pexels\/Unsplash \u2013 Anastasia Shuraeva, Ngqah83, Stanswinnen, Cottonbro, Olly, Polina Tankilevitch, Yaroslav Shuraev, Tim Samuel, Erico Marcelino<\/p>\t\t\t\t\t\t\t\t<\/div>\n\t\t\t\t<div class=\"elementor-element elementor-element-98efda9 elementor-widget elementor-widget-heading\" data-id=\"98efda9\" data-element_type=\"widget\" data-widget_type=\"heading.default\">\n\t\t\t\t\t<h2 class=\"elementor-heading-title elementor-size-default\">HAFTUNGSAUSSCHLUSS<\/h2>\t\t\t\t<\/div>\n\t\t\t\t<div class=\"elementor-element elementor-element-e4d4e6b elementor-widget elementor-widget-text-editor\" data-id=\"e4d4e6b\" data-element_type=\"widget\" data-widget_type=\"text-editor.default\">\n\t\t\t\t\t\t\t\t\t<p>Die Betreiberin dieser Website ist bestrebt, die darin angebotenen Informationen nach bestem Wissen aktuell, vollst\u00e4ndig und richtig darzustellen. Dennoch wird jegliche Haftung f\u00fcr Sch\u00e4den oder sonstige Nachteile ausgeschlossen, die sich aus der Nutzung der angebotenen Informationen ergeben k\u00f6nnen. Verweise auf fremde Websites dienen lediglich der Information und liegen au\u00dferhalb des Verantwortungsbereiches der Betreiberinnen. F\u00fcr Inhalte externer Internetseiten wird keine Verantwortung bzw. Haftung \u00fcbernommen.<\/p>\t\t\t\t\t\t\t\t<\/div>\n\t\t\t\t\t<\/div>\n\t\t\t\t<\/div>\n\t\t\t\t<\/div>\n\t\t","protected":false},"excerpt":{"rendered":"<p>Impressum VERANTWORTLICH F\u00dcR DEN INHALT KK Longevity Kerstin Klein Weinbergstrasse 4 CH \u2013 8703 Erlenbach ZH&#105;&#110;&#x66;o&#64;&#x6b;&#x6b;l&#111;&#x6e;&#x67;e&#118;&#x69;&#x74;y&#46;&#x63;&#x6f;m kklongevity.com Gestaltung und Umsetzung Website Studio Wind, Nina Fischer und Julia Gridlingstudiowind.at COPYRIGHT Die Inhalte (Texte und Bilder) dieser Website sind urheberrechtlich gesch\u00fctzt und nur f\u00fcr die pers\u00f6nliche Verwendung bestimmt. Jede den Bestimmungen des Urheberrechtsgesetzes widersprechende Verwendung der Inhalte [&hellip;]<\/p>\n","protected":false},"author":1,"featured_media":0,"parent":0,"menu_order":0,"comment_status":"closed","ping_status":"closed","template":"","meta":{"footnotes":""},"class_list":["post-3","page","type-page","status-publish","hentry"],"yoast_head":"<!-- This site is optimized with the Yoast SEO plugin v26.2 - https:\/\/yoast.com\/wordpress\/plugins\/seo\/ -->\n<title>Impressum - Coaching \u2013 KKLongevity<\/title>\n<meta name=\"description\" content=\"KKLongevity bietet ganzheitliches Gesundheitscoaching mit Fokus auf Pr\u00e4vention, Energie, mentaler Klarheit und einem nachhaltigen Lebensstil. Starte jetzt dein Programm und entfalte deine Gesundheit.\" \/>\n<meta name=\"robots\" content=\"noindex, nofollow\" \/>\n<meta property=\"og:locale\" content=\"de_DE\" \/>\n<meta property=\"og:type\" content=\"article\" \/>\n<meta property=\"og:title\" content=\"Impressum - Coaching \u2013 KKLongevity\" \/>\n<meta property=\"og:description\" content=\"KKLongevity bietet ganzheitliches Gesundheitscoaching mit Fokus auf Pr\u00e4vention, Energie, mentaler Klarheit und einem nachhaltigen Lebensstil. Starte jetzt dein Programm und entfalte deine Gesundheit.\" \/>\n<meta property=\"og:url\" content=\"https:\/\/kklongevity.com\/index.php\/impressum\/\" \/>\n<meta property=\"og:site_name\" content=\"Coaching \u2013 KKLongevity\" \/>\n<meta property=\"article:modified_time\" content=\"2025-09-24T06:03:34+00:00\" \/>\n<meta property=\"og:image\" content=\"https:\/\/kklongevity.com\/wp-content\/uploads\/2025\/10\/KKLongevity_Webseite.jpg\" \/>\n\t<meta property=\"og:image:width\" content=\"1200\" \/>\n\t<meta property=\"og:image:height\" content=\"675\" \/>\n\t<meta property=\"og:image:type\" content=\"image\/jpeg\" \/>\n<meta name=\"twitter:card\" content=\"summary_large_image\" \/>\n<meta name=\"twitter:label1\" content=\"Gesch\u00e4tzte Lesezeit\" \/>\n\t<meta name=\"twitter:data1\" content=\"1\u00a0Minute\" \/>\n<script type=\"application\/ld+json\" class=\"yoast-schema-graph\">{\"@context\":\"https:\/\/schema.org\",\"@graph\":[{\"@type\":\"WebPage\",\"@id\":\"https:\/\/kklongevity.com\/index.php\/impressum\/\",\"url\":\"https:\/\/kklongevity.com\/index.php\/impressum\/\",\"name\":\"Impressum - Coaching \u2013 KKLongevity\",\"isPartOf\":{\"@id\":\"https:\/\/kklongevity.com\/#website\"},\"datePublished\":\"2025-09-15T10:11:23+00:00\",\"dateModified\":\"2025-09-24T06:03:34+00:00\",\"description\":\"KKLongevity bietet ganzheitliches Gesundheitscoaching mit Fokus auf Pr\u00e4vention, Energie, mentaler Klarheit und einem nachhaltigen Lebensstil. Starte jetzt dein Programm und entfalte deine Gesundheit.\",\"breadcrumb\":{\"@id\":\"https:\/\/kklongevity.com\/index.php\/impressum\/#breadcrumb\"},\"inLanguage\":\"de\",\"potentialAction\":[{\"@type\":\"ReadAction\",\"target\":[\"https:\/\/kklongevity.com\/index.php\/impressum\/\"]}]},{\"@type\":\"BreadcrumbList\",\"@id\":\"https:\/\/kklongevity.com\/index.php\/impressum\/#breadcrumb\",\"itemListElement\":[{\"@type\":\"ListItem\",\"position\":1,\"name\":\"Startseite\",\"item\":\"https:\/\/kklongevity.com\/\"},{\"@type\":\"ListItem\",\"position\":2,\"name\":\"Impressum\"}]},{\"@type\":\"WebSite\",\"@id\":\"https:\/\/kklongevity.com\/#website\",\"url\":\"https:\/\/kklongevity.com\/\",\"name\":\"Coaching \u2013 KKLongevity\",\"description\":\"Kerstin Klein\",\"publisher\":{\"@id\":\"https:\/\/kklongevity.com\/#organization\"},\"alternateName\":\"KKLongevity\",\"potentialAction\":[{\"@type\":\"SearchAction\",\"target\":{\"@type\":\"EntryPoint\",\"urlTemplate\":\"https:\/\/kklongevity.com\/?s={search_term_string}\"},\"query-input\":{\"@type\":\"PropertyValueSpecification\",\"valueRequired\":true,\"valueName\":\"search_term_string\"}}],\"inLanguage\":\"de\"},{\"@type\":\"Organization\",\"@id\":\"https:\/\/kklongevity.com\/#organization\",\"name\":\"Coaching \u2013 KKLongevity\",\"url\":\"https:\/\/kklongevity.com\/\",\"logo\":{\"@type\":\"ImageObject\",\"inLanguage\":\"de\",\"@id\":\"https:\/\/kklongevity.com\/#\/schema\/logo\/image\/\",\"url\":\"https:\/\/kklongevity.com\/wp-content\/uploads\/2025\/09\/KKLongevity-logo-neu-FINAL-RGB.png\",\"contentUrl\":\"https:\/\/kklongevity.com\/wp-content\/uploads\/2025\/09\/KKLongevity-logo-neu-FINAL-RGB.png\",\"width\":685,\"height\":267,\"caption\":\"Coaching \u2013 KKLongevity\"},\"image\":{\"@id\":\"https:\/\/kklongevity.com\/#\/schema\/logo\/image\/\"}}]}<\/script>\n<!-- \/ Yoast SEO plugin. -->","yoast_head_json":{"title":"Impressum - Coaching \u2013 KKLongevity","description":"KKLongevity bietet ganzheitliches Gesundheitscoaching mit Fokus auf Pr\u00e4vention, Energie, mentaler Klarheit und einem nachhaltigen Lebensstil. Starte jetzt dein Programm und entfalte deine Gesundheit.","robots":{"index":"noindex","follow":"nofollow"},"og_locale":"de_DE","og_type":"article","og_title":"Impressum - Coaching \u2013 KKLongevity","og_description":"KKLongevity bietet ganzheitliches Gesundheitscoaching mit Fokus auf Pr\u00e4vention, Energie, mentaler Klarheit und einem nachhaltigen Lebensstil. Starte jetzt dein Programm und entfalte deine Gesundheit.","og_url":"https:\/\/kklongevity.com\/index.php\/impressum\/","og_site_name":"Coaching \u2013 KKLongevity","article_modified_time":"2025-09-24T06:03:34+00:00","og_image":[{"width":1200,"height":675,"url":"https:\/\/kklongevity.com\/wp-content\/uploads\/2025\/10\/KKLongevity_Webseite.jpg","type":"image\/jpeg"}],"twitter_card":"summary_large_image","twitter_misc":{"Gesch\u00e4tzte Lesezeit":"1\u00a0Minute"},"schema":{"@context":"https:\/\/schema.org","@graph":[{"@type":"WebPage","@id":"https:\/\/kklongevity.com\/index.php\/impressum\/","url":"https:\/\/kklongevity.com\/index.php\/impressum\/","name":"Impressum - Coaching \u2013 KKLongevity","isPartOf":{"@id":"https:\/\/kklongevity.com\/#website"},"datePublished":"2025-09-15T10:11:23+00:00","dateModified":"2025-09-24T06:03:34+00:00","description":"KKLongevity bietet ganzheitliches Gesundheitscoaching mit Fokus auf Pr\u00e4vention, Energie, mentaler Klarheit und einem nachhaltigen Lebensstil. Starte jetzt dein Programm und entfalte deine Gesundheit.","breadcrumb":{"@id":"https:\/\/kklongevity.com\/index.php\/impressum\/#breadcrumb"},"inLanguage":"de","potentialAction":[{"@type":"ReadAction","target":["https:\/\/kklongevity.com\/index.php\/impressum\/"]}]},{"@type":"BreadcrumbList","@id":"https:\/\/kklongevity.com\/index.php\/impressum\/#breadcrumb","itemListElement":[{"@type":"ListItem","position":1,"name":"Startseite","item":"https:\/\/kklongevity.com\/"},{"@type":"ListItem","position":2,"name":"Impressum"}]},{"@type":"WebSite","@id":"https:\/\/kklongevity.com\/#website","url":"https:\/\/kklongevity.com\/","name":"Coaching \u2013 KKLongevity","description":"Kerstin Klein","publisher":{"@id":"https:\/\/kklongevity.com\/#organization"},"alternateName":"KKLongevity","potentialAction":[{"@type":"SearchAction","target":{"@type":"EntryPoint","urlTemplate":"https:\/\/kklongevity.com\/?s={search_term_string}"},"query-input":{"@type":"PropertyValueSpecification","valueRequired":true,"valueName":"search_term_string"}}],"inLanguage":"de"},{"@type":"Organization","@id":"https:\/\/kklongevity.com\/#organization","name":"Coaching \u2013 KKLongevity","url":"https:\/\/kklongevity.com\/","logo":{"@type":"ImageObject","inLanguage":"de","@id":"https:\/\/kklongevity.com\/#\/schema\/logo\/image\/","url":"https:\/\/kklongevity.com\/wp-content\/uploads\/2025\/09\/KKLongevity-logo-neu-FINAL-RGB.png","contentUrl":"https:\/\/kklongevity.com\/wp-content\/uploads\/2025\/09\/KKLongevity-logo-neu-FINAL-RGB.png","width":685,"height":267,"caption":"Coaching \u2013 KKLongevity"},"image":{"@id":"https:\/\/kklongevity.com\/#\/schema\/logo\/image\/"}}]}},"_links":{"self":[{"href":"https:\/\/kklongevity.com\/index.php\/wp-json\/wp\/v2\/pages\/3","targetHints":{"allow":["GET"]}}],"collection":[{"href":"https:\/\/kklongevity.com\/index.php\/wp-json\/wp\/v2\/pages"}],"about":[{"href":"https:\/\/kklongevity.com\/index.php\/wp-json\/wp\/v2\/types\/page"}],"author":[{"embeddable":true,"href":"https:\/\/kklongevity.com\/index.php\/wp-json\/wp\/v2\/users\/1"}],"replies":[{"embeddable":true,"href":"https:\/\/kklongevity.com\/index.php\/wp-json\/wp\/v2\/comments?post=3"}],"version-history":[{"count":39,"href":"https:\/\/kklongevity.com\/index.php\/wp-json\/wp\/v2\/pages\/3\/revisions"}],"predecessor-version":[{"id":1066,"href":"https:\/\/kklongevity.com\/index.php\/wp-json\/wp\/v2\/pages\/3\/revisions\/1066"}],"wp:attachment":[{"href":"https:\/\/kklongevity.com\/index.php\/wp-json\/wp\/v2\/media?parent=3"}],"curies":[{"name":"wp","href":"https:\/\/api.w.org\/{rel}","templated":true}]}}